{"id":175,"date":"2025-02-04T14:45:05","date_gmt":"2025-02-04T14:45:05","guid":{"rendered":"https:\/\/www.appareil-minceur.fr\/?page_id=175"},"modified":"2025-02-06T13:23:28","modified_gmt":"2025-02-06T13:23:28","slug":"a-propos","status":"publish","type":"page","link":"https:\/\/www.appareil-minceur.fr\/de\/a-propos\/","title":{"rendered":"\u00dcber"},"content":{"rendered":"<div data-elementor-type=\"wp-page\" data-elementor-id=\"175\" class=\"elementor elementor-175\" data-elementor-post-type=\"page\">\n\t\t\t\t\t\t<section class=\"elementor-section elementor-top-section elementor-element elementor-element-74ce8070 elementor-section-height-min-height elementor-section-boxed elementor-section-height-default elementor-section-items-middle\" data-id=\"74ce8070\" data-element_type=\"section\" data-settings=\"{&quot;background_background&quot;:&quot;classic&quot;,&quot;shape_divider_bottom&quot;:&quot;curve-asymmetrical&quot;,&quot;shape_divider_bottom_negative&quot;:&quot;yes&quot;}\">\n\t\t\t\t\t\t\t<div class=\"elementor-background-overlay\"><\/div>\n\t\t\t\t\t\t<div class=\"elementor-shape elementor-shape-bottom\" aria-hidden=\"true\" data-negative=\"true\">\n\t\t\t<svg xmlns=\"http:\/\/www.w3.org\/2000\/svg\" viewbox=\"0 0 1000 100\" preserveaspectratio=\"none\">\n\t<path class=\"elementor-shape-fill\" d=\"M615.2,96.7C240.2,97.8,0,18.9,0,0v100h1000V0C1000,19.2,989.8,96,615.2,96.7z\"\/>\n<\/svg>\t\t<\/div>\n\t\t\t\t\t<div class=\"elementor-container elementor-column-gap-default\">\n\t\t\t\t\t<div class=\"elementor-column elementor-col-100 elementor-top-column elementor-element elementor-element-637c210\" data-id=\"637c210\" data-element_type=\"column\">\n\t\t\t<div class=\"elementor-widget-wrap elementor-element-populated\">\n\t\t\t\t\t\t<div class=\"elementor-element elementor-element-248b47aa elementor-widget elementor-widget-heading\" data-id=\"248b47aa\" data-element_type=\"widget\" data-widget_type=\"heading.default\">\n\t\t\t\t<div class=\"elementor-widget-container\">\n\t\t\t\t\t<h1 class=\"elementor-heading-title elementor-size-default\">\u00dcber<\/h1>\t\t\t\t<\/div>\n\t\t\t\t<\/div>\n\t\t\t\t<div class=\"elementor-element elementor-element-58d4f534 elementor-icon-list--layout-inline elementor-align-center elementor-list-item-link-full_width elementor-widget elementor-widget-icon-list\" data-id=\"58d4f534\" data-element_type=\"widget\" data-widget_type=\"icon-list.default\">\n\t\t\t\t<div class=\"elementor-widget-container\">\n\t\t\t\t\t\t\t<ul class=\"elementor-icon-list-items elementor-inline-items\">\n\t\t\t\t\t\t\t<li class=\"elementor-icon-list-item elementor-inline-item\">\n\t\t\t\t\t\t\t\t\t\t<span class=\"elementor-icon-list-text\">Home<\/span>\n\t\t\t\t\t\t\t\t\t<\/li>\n\t\t\t\t\t\t\t\t<li class=\"elementor-icon-list-item elementor-inline-item\">\n\t\t\t\t\t\t\t\t\t\t\t<span class=\"elementor-icon-list-icon\">\n\t\t\t\t\t\t\t<svg aria-hidden=\"true\" class=\"e-font-icon-svg e-fas-arrow-right\" viewbox=\"0 0 448 512\" xmlns=\"http:\/\/www.w3.org\/2000\/svg\"><path d=\"M190.5 66.9l22.2-22.2c9.4-9.4 24.6-9.4 33.9 0L441 239c9.4 9.4 9.4 24.6 0 33.9L246.6 467.3c-9.4 9.4-24.6 9.4-33.9 0l-22.2-22.2c-9.5-9.5-9.3-25 .4-34.3L311.4 296H24c-13.3 0-24-10.7-24-24v-32c0-13.3 10.7-24 24-24h287.4L190.9 101.2c-9.8-9.3-10-24.8-.4-34.3z\"><\/path><\/svg>\t\t\t\t\t\t<\/span>\n\t\t\t\t\t\t\t\t\t\t<span class=\"elementor-icon-list-text\">\u00dcber<\/span>\n\t\t\t\t\t\t\t\t\t<\/li>\n\t\t\t\t\t\t<\/ul>\n\t\t\t\t\t\t<\/div>\n\t\t\t\t<\/div>\n\t\t\t\t\t<\/div>\n\t\t<\/div>\n\t\t\t\t\t<\/div>\n\t\t<\/section>\n\t\t\t\t<section class=\"elementor-section elementor-top-section elementor-element elementor-element-57146513 elementor-section-boxed elementor-section-height-default elementor-section-height-default\" data-id=\"57146513\" data-element_type=\"section\">\n\t\t\t\t\t\t<div class=\"elementor-container elementor-column-gap-default\">\n\t\t\t\t\t<div class=\"elementor-column elementor-col-50 elementor-top-column elementor-element elementor-element-7cb5c613\" data-id=\"7cb5c613\" data-element_type=\"column\">\n\t\t\t<div class=\"elementor-widget-wrap elementor-element-populated\">\n\t\t\t\t\t\t<div class=\"elementor-element elementor-element-7c63ee7e texte-jaune elementor-widget elementor-widget-heading\" data-id=\"7c63ee7e\" data-element_type=\"widget\" data-widget_type=\"heading.default\">\n\t\t\t\t<div class=\"elementor-widget-container\">\n\t\t\t\t\t<p class=\"elementor-heading-title elementor-size-default\">Das Konzept hinter Appareil Minceur!<\/p>\t\t\t\t<\/div>\n\t\t\t\t<\/div>\n\t\t\t\t<div class=\"elementor-element elementor-element-2aebd55 elementor-widget elementor-widget-heading\" data-id=\"2aebd55\" data-element_type=\"widget\" data-widget_type=\"heading.default\">\n\t\t\t\t<div class=\"elementor-widget-container\">\n\t\t\t\t\t<h2 class=\"elementor-heading-title elementor-size-default\">Warum haben Sie <u>Schlankheitsger\u00e4t.de<\/u> ?<\/h2>\t\t\t\t<\/div>\n\t\t\t\t<\/div>\n\t\t\t\t<div class=\"elementor-element elementor-element-567a3f10 elementor-widget elementor-widget-text-editor\" data-id=\"567a3f10\" data-element_type=\"widget\" data-widget_type=\"text-editor.default\">\n\t\t\t\t<div class=\"elementor-widget-container\">\n\t\t\t\t\t\t\t\t\t<p>Weil ich es satt hatte, dass restriktive Di\u00e4ten, Wunderversprechen und ungeeignete Ger\u00e4te den Markt f\u00fcr Gewichtsverlust beherrschten. Als Spezialist f\u00fcr Fitness und\u00a0<em>Heimtraining<\/em>Ich wusste, dass es eine andere L\u00f6sung gab:\u00a0<strong>Einfachheit, Wissenschaft und nachhaltige Ergebnisse miteinander verbinden<\/strong>Sie sind nicht frustriert.<\/p><p>Mit\u00a0<em>Schlankheitsger\u00e4t.de<\/em>Ich wollte eine Plattform bieten\u00a0<strong>100% l\u00f6sungsorientiert<\/strong>\u00a0:<\/p><ul><li><p>Praktische Leitf\u00e4den zur Auswahl\u00a0<em>wirklich<\/em>\u00a0die richtige Ausr\u00fcstung (passend f\u00fcr jede Morphologie, jeden Zweck und jedes Budget).<\/p><\/li><li><p>Ma\u00dfgeschneiderte Programme, die Heimtraining mit bew\u00e4hrten Ern\u00e4hrungstipps kombinieren.<\/p><\/li><li><p>Eine wohlwollende Gemeinschaft, die die Isolation derjenigen durchbricht, die ihren K\u00f6rper zu Hause umgestalten.<\/p><\/li><\/ul><p>Was ist mein Ziel? Den Gewichtsverlust\u00a0<strong>zug\u00e4nglich, motivierend und menschlich<\/strong>... indem sie mit den Codes einer Branche bricht, die allzu oft auf Leistung um jeden Preis ausgerichtet ist.<\/p><p><em>Weil Abnehmen nie mit Leiden, sondern mit Empowerment und Stolz einhergehen sollte.<\/em><\/p>\t\t\t\t\t\t\t\t<\/div>\n\t\t\t\t<\/div>\n\t\t\t\t\t<\/div>\n\t\t<\/div>\n\t\t\t\t<div class=\"elementor-column elementor-col-50 elementor-top-column elementor-element elementor-element-44c8574d\" data-id=\"44c8574d\" data-element_type=\"column\">\n\t\t\t<div class=\"elementor-widget-wrap elementor-element-populated\">\n\t\t\t\t\t\t<div class=\"elementor-element elementor-element-68d74899 elementor-widget elementor-widget-image\" data-id=\"68d74899\" data-element_type=\"widget\" data-widget_type=\"image.default\">\n\t\t\t\t<div class=\"elementor-widget-container\">\n\t\t\t\t\t\t\t\t\t\t\t\t\t\t\t<img fetchpriority=\"high\" decoding=\"async\" width=\"1280\" height=\"853\" src=\"https:\/\/www.appareil-minceur.fr\/wp-content\/uploads\/2025\/02\/stephanie2.jpg\" class=\"attachment-full size-full wp-image-803\" alt=\"Schlankheitscoach\" srcset=\"https:\/\/www.appareil-minceur.fr\/wp-content\/uploads\/2025\/02\/stephanie2.jpg 1280w, https:\/\/www.appareil-minceur.fr\/wp-content\/uploads\/2025\/02\/stephanie2-300x200.jpg 300w, https:\/\/www.appareil-minceur.fr\/wp-content\/uploads\/2025\/02\/stephanie2-1024x682.jpg 1024w, https:\/\/www.appareil-minceur.fr\/wp-content\/uploads\/2025\/02\/stephanie2-768x512.jpg 768w\" sizes=\"(max-width: 1280px) 100vw, 1280px\" \/>\t\t\t\t\t\t\t\t\t\t\t\t\t\t\t<\/div>\n\t\t\t\t<\/div>\n\t\t\t\t\t<\/div>\n\t\t<\/div>\n\t\t\t\t\t<\/div>\n\t\t<\/section>\n\t\t\t\t<section class=\"elementor-section elementor-top-section elementor-element elementor-element-4287ec10 elementor-section-boxed elementor-section-height-default elementor-section-height-default\" data-id=\"4287ec10\" data-element_type=\"section\" data-settings=\"{&quot;background_background&quot;:&quot;classic&quot;}\">\n\t\t\t\t\t\t\t<div class=\"elementor-background-overlay\"><\/div>\n\t\t\t\t\t\t\t<div class=\"elementor-container elementor-column-gap-default\">\n\t\t\t\t\t<div class=\"elementor-column elementor-col-100 elementor-top-column elementor-element elementor-element-5ffba3f7\" data-id=\"5ffba3f7\" data-element_type=\"column\">\n\t\t\t<div class=\"elementor-widget-wrap elementor-element-populated\">\n\t\t\t\t\t\t<section class=\"elementor-section elementor-inner-section elementor-element elementor-element-6f607589 elementor-section-boxed elementor-section-height-default elementor-section-height-default\" data-id=\"6f607589\" data-element_type=\"section\">\n\t\t\t\t\t\t<div class=\"elementor-container elementor-column-gap-default\">\n\t\t\t\t\t<div class=\"elementor-column elementor-col-50 elementor-inner-column elementor-element elementor-element-51aad814\" data-id=\"51aad814\" data-element_type=\"column\">\n\t\t\t<div class=\"elementor-widget-wrap elementor-element-populated\">\n\t\t\t\t\t\t<div class=\"elementor-element elementor-element-3b82cd06 elementor-widget elementor-widget-heading\" data-id=\"3b82cd06\" data-element_type=\"widget\" data-widget_type=\"heading.default\">\n\t\t\t\t<div class=\"elementor-widget-container\">\n\t\t\t\t\t<h2 class=\"elementor-heading-title elementor-size-default\">Entdecken Sie jetzt alle meine Leitf\u00e4den<\/h2>\t\t\t\t<\/div>\n\t\t\t\t<\/div>\n\t\t\t\t<div class=\"elementor-element elementor-element-7e5ef4c2 elementor-widget elementor-widget-heading\" data-id=\"7e5ef4c2\" data-element_type=\"widget\" data-widget_type=\"heading.default\">\n\t\t\t\t<div class=\"elementor-widget-container\">\n\t\t\t\t\t<h5 class=\"elementor-heading-title elementor-size-default\">Kryolipolyse, Elektrostimulation, Lipokavitation, Radiofrequenz... Finden Sie die Schlankheitsl\u00f6sung, die auf Ihre Bed\u00fcrfnisse und Ziele zugeschnitten ist!<\/h5>\t\t\t\t<\/div>\n\t\t\t\t<\/div>\n\t\t\t\t\t<\/div>\n\t\t<\/div>\n\t\t\t\t<div class=\"elementor-column elementor-col-50 elementor-inner-column elementor-element elementor-element-7839ea8b\" data-id=\"7839ea8b\" data-element_type=\"column\" data-settings=\"{&quot;background_background&quot;:&quot;classic&quot;}\">\n\t\t\t<div class=\"elementor-widget-wrap elementor-element-populated\">\n\t\t\t\t\t\t<div class=\"elementor-element elementor-element-3161aa27 elementor-align-right elementor-mobile-align-center elementor-widget elementor-widget-button\" data-id=\"3161aa27\" data-element_type=\"widget\" data-widget_type=\"button.default\">\n\t\t\t\t<div class=\"elementor-widget-container\">\n\t\t\t\t\t\t\t\t\t<div class=\"elementor-button-wrapper\">\n\t\t\t\t\t<a class=\"elementor-button elementor-button-link elementor-size-md elementor-animation-wobble-horizontal\" href=\"https:\/\/www.appareil-minceur.fr\/de\/beratung\/\">\n\t\t\t\t\t\t<span class=\"elementor-button-content-wrapper\">\n\t\t\t\t\t\t<span class=\"elementor-button-icon\">\n\t\t\t\t<svg aria-hidden=\"true\" class=\"e-font-icon-svg e-fas-arrow-right\" viewbox=\"0 0 448 512\" xmlns=\"http:\/\/www.w3.org\/2000\/svg\"><path d=\"M190.5 66.9l22.2-22.2c9.4-9.4 24.6-9.4 33.9 0L441 239c9.4 9.4 9.4 24.6 0 33.9L246.6 467.3c-9.4 9.4-24.6 9.4-33.9 0l-22.2-22.2c-9.5-9.5-9.3-25 .4-34.3L311.4 296H24c-13.3 0-24-10.7-24-24v-32c0-13.3 10.7-24 24-24h287.4L190.9 101.2c-9.8-9.3-10-24.8-.4-34.3z\"><\/path><\/svg>\t\t\t<\/span>\n\t\t\t\t\t\t\t\t\t<span class=\"elementor-button-text\">Ich erkundige mich!<\/span>\n\t\t\t\t\t<\/span>\n\t\t\t\t\t<\/a>\n\t\t\t\t<\/div>\n\t\t\t\t\t\t\t\t<\/div>\n\t\t\t\t<\/div>\n\t\t\t\t\t<\/div>\n\t\t<\/div>\n\t\t\t\t\t<\/div>\n\t\t<\/section>\n\t\t\t\t<div class=\"elementor-element elementor-element-2033081e elementor-widget elementor-widget-image\" data-id=\"2033081e\" data-element_type=\"widget\" data-widget_type=\"image.default\">\n\t\t\t\t<div class=\"elementor-widget-container\">\n\t\t\t\t\t\t\t\t\t\t\t\t\t\t\t<img decoding=\"async\" width=\"1280\" height=\"840\" src=\"https:\/\/www.appareil-minceur.fr\/wp-content\/uploads\/2025\/02\/girl-group-underwear-and-studio-portrait-with-smi-2023-11-27-05-14-13-utc-1.jpg\" class=\"attachment-full size-full wp-image-208\" alt=\"\" srcset=\"https:\/\/www.appareil-minceur.fr\/wp-content\/uploads\/2025\/02\/girl-group-underwear-and-studio-portrait-with-smi-2023-11-27-05-14-13-utc-1.jpg 1280w, https:\/\/www.appareil-minceur.fr\/wp-content\/uploads\/2025\/02\/girl-group-underwear-and-studio-portrait-with-smi-2023-11-27-05-14-13-utc-1-300x197.jpg 300w, https:\/\/www.appareil-minceur.fr\/wp-content\/uploads\/2025\/02\/girl-group-underwear-and-studio-portrait-with-smi-2023-11-27-05-14-13-utc-1-1024x672.jpg 1024w, https:\/\/www.appareil-minceur.fr\/wp-content\/uploads\/2025\/02\/girl-group-underwear-and-studio-portrait-with-smi-2023-11-27-05-14-13-utc-1-768x504.jpg 768w\" sizes=\"(max-width: 1280px) 100vw, 1280px\" \/>\t\t\t\t\t\t\t\t\t\t\t\t\t\t\t<\/div>\n\t\t\t\t<\/div>\n\t\t\t\t\t<\/div>\n\t\t<\/div>\n\t\t\t\t\t<\/div>\n\t\t<\/section>\n\t\t\t\t<section class=\"elementor-section elementor-top-section elementor-element elementor-element-5cea5a10 elementor-section-boxed elementor-section-height-default elementor-section-height-default\" data-id=\"5cea5a10\" data-element_type=\"section\" data-settings=\"{&quot;background_background&quot;:&quot;classic&quot;}\">\n\t\t\t\t\t\t\t<div class=\"elementor-background-overlay\"><\/div>\n\t\t\t\t\t\t\t<div class=\"elementor-container elementor-column-gap-default\">\n\t\t\t\t\t<div class=\"elementor-column elementor-col-100 elementor-top-column elementor-element elementor-element-7435b970\" data-id=\"7435b970\" data-element_type=\"column\">\n\t\t\t<div class=\"elementor-widget-wrap elementor-element-populated\">\n\t\t\t\t\t\t<section class=\"elementor-section elementor-inner-section elementor-element elementor-element-28007223 elementor-section-boxed elementor-section-height-default elementor-section-height-default\" data-id=\"28007223\" data-element_type=\"section\">\n\t\t\t\t\t\t<div class=\"elementor-container elementor-column-gap-default\">\n\t\t\t\t\t<div class=\"elementor-column elementor-col-100 elementor-inner-column elementor-element elementor-element-13611d0d\" data-id=\"13611d0d\" data-element_type=\"column\">\n\t\t\t<div class=\"elementor-widget-wrap elementor-element-populated\">\n\t\t\t\t\t\t<div class=\"elementor-element elementor-element-422e8fc0 texte-jaune elementor-widget elementor-widget-heading\" data-id=\"422e8fc0\" data-element_type=\"widget\" data-widget_type=\"heading.default\">\n\t\t\t\t<div class=\"elementor-widget-container\">\n\t\t\t\t\t<p class=\"elementor-heading-title elementor-size-default\">Ich m\u00f6chte abnehmen!<\/p>\t\t\t\t<\/div>\n\t\t\t\t<\/div>\n\t\t\t\t<div class=\"elementor-element elementor-element-2e63ac69 elementor-align-center elementor-widget elementor-widget-button\" data-id=\"2e63ac69\" data-element_type=\"widget\" data-widget_type=\"button.default\">\n\t\t\t\t<div class=\"elementor-widget-container\">\n\t\t\t\t\t\t\t\t\t<div class=\"elementor-button-wrapper\">\n\t\t\t\t\t<a class=\"elementor-button elementor-button-link elementor-size-md\" href=\"https:\/\/www.appareil-minceur.fr\/de\/beratung\/\">\n\t\t\t\t\t\t<span class=\"elementor-button-content-wrapper\">\n\t\t\t\t\t\t\t\t\t<span class=\"elementor-button-text\">Alle Artikel anzeigen<\/span>\n\t\t\t\t\t<\/span>\n\t\t\t\t\t<\/a>\n\t\t\t\t<\/div>\n\t\t\t\t\t\t\t\t<\/div>\n\t\t\t\t<\/div>\n\t\t\t\t\t<\/div>\n\t\t<\/div>\n\t\t\t\t\t<\/div>\n\t\t<\/section>\n\t\t\t\t\t<\/div>\n\t\t<\/div>\n\t\t\t\t\t<\/div>\n\t\t<\/section>\n\t\t\t\t<\/div>","protected":false},"excerpt":{"rendered":"<p>Home Le concept derri\u00e8re Appareil Minceur ! Pourquoi avoir cr\u00e9\u00e9 appareil-minceur.fr ? Parce que j\u2019en avais marre de voir des r\u00e9gimes restrictifs, des promesses miracles et des \u00e9quipements inadapt\u00e9s dominer le march\u00e9 de la perte de poids. En tant que sp\u00e9cialiste du fitness et du\u00a0home training, je savais qu\u2019une autre solution existait :\u00a0allier simplicit\u00e9, science [&hellip;]<\/p>\n","protected":false},"author":1,"featured_media":0,"parent":0,"menu_order":0,"comment_status":"closed","ping_status":"closed","template":"elementor_header_footer","meta":{"footnotes":""},"class_list":["post-175","page","type-page","status-publish","hentry"],"_links":{"self":[{"href":"https:\/\/www.appareil-minceur.fr\/de\/wp-json\/wp\/v2\/pages\/175","targetHints":{"allow":["GET"]}}],"collection":[{"href":"https:\/\/www.appareil-minceur.fr\/de\/wp-json\/wp\/v2\/pages"}],"about":[{"href":"https:\/\/www.appareil-minceur.fr\/de\/wp-json\/wp\/v2\/types\/page"}],"author":[{"embeddable":true,"href":"https:\/\/www.appareil-minceur.fr\/de\/wp-json\/wp\/v2\/users\/1"}],"replies":[{"embeddable":true,"href":"https:\/\/www.appareil-minceur.fr\/de\/wp-json\/wp\/v2\/comments?post=175"}],"version-history":[{"count":19,"href":"https:\/\/www.appareil-minceur.fr\/de\/wp-json\/wp\/v2\/pages\/175\/revisions"}],"predecessor-version":[{"id":816,"href":"https:\/\/www.appareil-minceur.fr\/de\/wp-json\/wp\/v2\/pages\/175\/revisions\/816"}],"wp:attachment":[{"href":"https:\/\/www.appareil-minceur.fr\/de\/wp-json\/wp\/v2\/media?parent=175"}],"curies":[{"name":"wp","href":"https:\/\/api.w.org\/{rel}","templated":true}]}}