{"id":827,"date":"2025-02-06T13:33:51","date_gmt":"2025-02-06T13:33:51","guid":{"rendered":"https:\/\/www.appareil-minceur.fr\/?page_id=827"},"modified":"2025-02-06T13:33:52","modified_gmt":"2025-02-06T13:33:52","slug":"rechtliche-hinweise","status":"publish","type":"page","link":"https:\/\/www.appareil-minceur.fr\/de\/rechtliche-hinweise\/","title":{"rendered":"Rechtliche Hinweise"},"content":{"rendered":"<h2 class=\"wp-block-heading\">1 - Bearbeiten der Seite<\/h2>\n\n\n\n<p>Unter\u00a0<a href=\"https:\/\/www.legifrance.gouv.fr\/affichTexte.do?cidTexte=JORFTEXT000000801164#LEGIARTI000042038977\" target=\"_blank\" rel=\"noreferrer noopener\">Artikel 6 des Gesetzes Nr. 2004-575 vom 21. Juni 2004<\/a>\u00a0f\u00fcr das Vertrauen in die digitale Wirtschaft, wird den Nutzern der Website Folgendes mitgeteilt<strong> <a href=\"https:\/\/www.appareil-minceur.fr\/de\">https:\/\/www.appareil-minceur.fr<\/a><\/strong>\u00a0die Identit\u00e4t der verschiedenen Personen, die an seiner Durchf\u00fchrung und Nachbereitung beteiligt sind:<\/p>\n\n\n\n<p><strong>Eigent\u00fcmer der Website :\u00a0<\/strong>St\u00e9phanie - Kontakt: contact@appareil-minceur.fr<\/p>\n\n\n\n<p><strong>Leiter der Ver\u00f6ffentlichung :\u00a0<\/strong>St\u00e9phanie- Kontakt: contact@appareil-minceur.fr<\/p>\n\n\n\n<p><strong>Hosting :<\/strong>&nbsp;O2Switch - 222 Boulevard Gustave Flaubert, 63000 Clermont-Ferrand - Telefon: 04.44.44.60.40<\/p>\n\n\n\n<p><strong>Datenschutzbeauftragter :\u00a0<\/strong>St\u00e9phanie - Kontakt: contact@appareil-minceur.fr<\/p>\n\n\n\n<hr class=\"wp-block-separator has-alpha-channel-opacity\"\/>\n\n\n\n<h2 class=\"wp-block-heading\">2 - Geistiges Eigentum und F\u00e4lschungen.<\/h2>\n\n\n\n<p><strong>Schlankheitsger\u00e4t<\/strong> ist Eigent\u00fcmerin der geistigen Eigentumsrechte und besitzt die Nutzungsrechte an allen auf der Website zug\u00e4nglichen Elementen, insbesondere an Texten, Bildern, Grafiken, Logos, Videos, Architektur, Icons und T\u00f6nen.<\/p>\n\n\n\n<p>Jede Reproduktion, Darstellung, \u00c4nderung, Ver\u00f6ffentlichung und Anpassung aller oder eines Teils der Elemente der Website, unabh\u00e4ngig von den verwendeten Mitteln oder Verfahren, ist untersagt, es sei denn, es liegt eine vorherige schriftliche Genehmigung von\u00a0<strong><strong>Schlankheitsger\u00e4t<\/strong><\/strong>.<\/p>\n\n\n\n<p>Jede nicht genehmigte Nutzung der Website oder eines ihrer Elemente wird als F\u00e4lschung betrachtet und gem\u00e4\u00df den Bestimmungen der Artikel&nbsp;<a href=\"https:\/\/www.legifrance.gouv.fr\/affichCodeArticle.do?idArticle=LEGIARTI000032655082&amp;cidTexte=LEGITEXT000006069414&amp;dateTexte=20160605\" target=\"_blank\" rel=\"noreferrer noopener\">L.335-2 ff. des Code de Propri\u00e9t\u00e9 Intellectuelle (Gesetz \u00fcber geistiges Eigentum)<\/a>.<\/p>\n\n\n\n<hr class=\"wp-block-separator has-alpha-channel-opacity\"\/>\n\n\n\n<h2 class=\"wp-block-heading\">3 - Haftungsbeschr\u00e4nkungen.<\/h2>\n\n\n\n<p><strong>Schlankheitsger\u00e4t<\/strong> nicht f\u00fcr direkte und indirekte Sch\u00e4den an der Hardware des Nutzers beim Zugriff auf die Website haftbar gemacht werden kann\u00a0<strong>https:\/\/www.appareil-minceur.fr<\/strong>.<\/p>\n\n\n\n<p><strong>Schlankheitsger\u00e4t<\/strong> \u00fcbernimmt keine Verantwortung f\u00fcr die Nutzung der Informationen und Inhalte auf https:\/\/www.appareil-minceur.fr\/.<\/p>\n\n\n\n<p><strong>Schlankheitsger\u00e4t<\/strong> verpflichtet sich, den Standort so gut wie m\u00f6glich zu sichern\u00a0<strong>https:\/\/www.appareil-minceur.fr<\/strong>Sie kann jedoch nicht haftbar gemacht werden, wenn unerw\u00fcnschte Daten ohne ihr Wissen auf ihre Website importiert und installiert werden.<\/p>\n\n\n\n<p>Interaktive Bereiche (Kontaktbereich oder Kommentare) stehen den Nutzern zur Verf\u00fcgung.\u00a0<strong>Schlankheitsger\u00e4t<\/strong> beh\u00e4lt sich das Recht vor, ohne vorherige Mahnung alle in diesem Bereich abgelegten Inhalte zu l\u00f6schen, die gegen die in Frankreich geltenden Gesetze, insbesondere die Bestimmungen zum Datenschutz, versto\u00dfen.<\/p>\n\n\n\n<p>Gegebenenfalls\u00a0<strong>Schlankheitsger\u00e4t<\/strong> beh\u00e4lt sich au\u00dferdem die M\u00f6glichkeit vor, den Nutzer zivil- und\/oder strafrechtlich haftbar zu machen, insbesondere bei rassistischen, beleidigenden, diffamierenden oder pornografischen Mitteilungen, unabh\u00e4ngig von den verwendeten Medien (Text, Fotografie ...).<\/p>\n\n\n\n<hr class=\"wp-block-separator has-alpha-channel-opacity\"\/>\n\n\n\n<h2 class=\"wp-block-heading\">4 - CNIL und Umgang mit pers\u00f6nlichen Daten.<\/h2>\n\n\n\n<p>Gem\u00e4\u00df den Bestimmungen von\u00a0<a href=\"https:\/\/www.legifrance.gouv.fr\/affichTexte.do?cidTexte=JORFTEXT000000886460\" target=\"_blank\" rel=\"noreferrer noopener\">das ge\u00e4nderte Gesetz 78-17 vom 6. Januar 1978<\/a>Der Nutzer der Website<strong>\u00a0https:\/\/www.appareil-minceur.fr<\/strong>\u00a0hat das Recht, auf die gesammelten Informationen zuzugreifen, sie zu \u00e4ndern und zu l\u00f6schen. Um dieses Recht auszu\u00fcben, senden Sie eine Nachricht an unseren Datenschutzbeauftragten :\u00a0<strong>Schlankheitsger\u00e4t<\/strong> - Kontakt: contact@appareil-minceur.fr<\/p>\n\n\n\n<hr class=\"wp-block-separator has-alpha-channel-opacity\"\/>\n\n\n\n<h2 class=\"wp-block-heading\">5 - Hyperlinks und Cookies<\/h2>\n\n\n\n<p>Die Seite<strong>\u00a0<\/strong>enth\u00e4lt Hyperlinks zu anderen Websites und \u00fcbernimmt keine Verantwortung f\u00fcr diese externen Links oder f\u00fcr Links, die von anderen Websites zu<strong>\u00a0https:\/\/www.appareil-minceur.fr<\/strong>.<\/p>\n\n\n\n<p>Die Navigation auf der Seite<strong>\u00a0https:\/\/www.appareil-minceur.fr<\/strong>\u00a0kann dazu f\u00fchren, dass auf dem Computer des Nutzers ein Cookie(s) installiert wird.<\/p>\n\n\n\n<p>Ein \"Cookie\" ist eine kleine Datei, die Informationen \u00fcber die Navigation eines Nutzers auf einer Website speichert. Die so gewonnenen Daten erm\u00f6glichen z. B. die Messung der Besucherzahlen.<\/p>\n\n\n\n<p>Sie haben die M\u00f6glichkeit&nbsp;<strong>Cookies zu akzeptieren oder abzulehnen<\/strong>&nbsp;indem Sie die Einstellungen Ihres Browsers \u00e4ndern. Ohne Ihre Zustimmung werden keine Cookies abgelegt.<\/p>\n\n\n\n<p>Cookies werden f\u00fcr maximal einen Monat gespeichert.<\/p>\n\n\n\n<hr class=\"wp-block-separator has-alpha-channel-opacity\"\/>\n\n\n\n<h2 class=\"wp-block-heading\">6 - Anwendbares Recht und Gerichtsstand.<\/h2>\n\n\n\n<p>Alle Streitigkeiten im Zusammenhang mit der Nutzung der Website<strong>\u00a0https:\/\/www.appareil-minceur.fr<\/strong>\u00a0unterliegt dem franz\u00f6sischen Recht. Au\u00dfer in F\u00e4llen, in denen dies gesetzlich nicht zul\u00e4ssig ist, liegt die ausschlie\u00dfliche Zust\u00e4ndigkeit bei den zust\u00e4ndigen Gerichten in .<\/p>","protected":false},"excerpt":{"rendered":"<p>1 \u2013 \u00c9dition du site En vertu de\u00a0l\u2019article 6 de la loi n\u00b0 2004-575 du 21 juin 2004\u00a0pour la confiance dans l\u2019\u00e9conomie num\u00e9rique, il est pr\u00e9cis\u00e9 aux utilisateurs du site internet https:\/\/www.appareil-minceur.fr\u00a0l\u2019identit\u00e9 des diff\u00e9rents intervenants dans le cadre de sa r\u00e9alisation et de son suivi: Propri\u00e9taire du site :\u00a0St\u00e9phanie\u00a0\u2013 Contact :\u00a0contact@appareil-minceur.fr Directeur de la publication [&hellip;]<\/p>\n","protected":false},"author":1,"featured_media":0,"parent":0,"menu_order":0,"comment_status":"closed","ping_status":"closed","template":"","meta":{"footnotes":""},"class_list":["post-827","page","type-page","status-publish","hentry"],"_links":{"self":[{"href":"https:\/\/www.appareil-minceur.fr\/de\/wp-json\/wp\/v2\/pages\/827","targetHints":{"allow":["GET"]}}],"collection":[{"href":"https:\/\/www.appareil-minceur.fr\/de\/wp-json\/wp\/v2\/pages"}],"about":[{"href":"https:\/\/www.appareil-minceur.fr\/de\/wp-json\/wp\/v2\/types\/page"}],"author":[{"embeddable":true,"href":"https:\/\/www.appareil-minceur.fr\/de\/wp-json\/wp\/v2\/users\/1"}],"replies":[{"embeddable":true,"href":"https:\/\/www.appareil-minceur.fr\/de\/wp-json\/wp\/v2\/comments?post=827"}],"version-history":[{"count":1,"href":"https:\/\/www.appareil-minceur.fr\/de\/wp-json\/wp\/v2\/pages\/827\/revisions"}],"predecessor-version":[{"id":828,"href":"https:\/\/www.appareil-minceur.fr\/de\/wp-json\/wp\/v2\/pages\/827\/revisions\/828"}],"wp:attachment":[{"href":"https:\/\/www.appareil-minceur.fr\/de\/wp-json\/wp\/v2\/media?parent=827"}],"curies":[{"name":"wp","href":"https:\/\/api.w.org\/{rel}","templated":true}]}}